{"id":27,"date":"2025-11-04T07:08:18","date_gmt":"2025-11-04T07:08:18","guid":{"rendered":"https:\/\/leifosterholm.fi\/?page_id=27"},"modified":"2026-01-23T11:29:06","modified_gmt":"2026-01-23T11:29:06","slug":"yhteystiedot","status":"publish","type":"page","link":"https:\/\/leifosterholm.fi\/sv\/yhteystiedot\/","title":{"rendered":"Kontaktuppgifter"},"content":{"rendered":"\t\t<div data-elementor-type=\"wp-page\" data-elementor-id=\"27\" class=\"elementor elementor-27\" data-elementor-post-type=\"page\">\n\t\t\t\t\t\t<section class=\"elementor-section elementor-top-section elementor-element elementor-element-6058bfd elementor-section-boxed elementor-section-height-default elementor-section-height-default\" data-id=\"6058bfd\" data-element_type=\"section\" data-e-type=\"section\" data-settings=\"{&quot;background_background&quot;:&quot;classic&quot;}\">\n\t\t\t\t\t\t\t<div class=\"elementor-background-overlay\"><\/div>\n\t\t\t\t\t\t\t<div class=\"elementor-container elementor-column-gap-default\">\n\t\t\t\t\t<div class=\"elementor-column elementor-col-100 elementor-top-column elementor-element elementor-element-28cc828\" data-id=\"28cc828\" data-element_type=\"column\" data-e-type=\"column\">\n\t\t\t<div class=\"elementor-widget-wrap elementor-element-populated\">\n\t\t\t\t\t\t<div class=\"elementor-element elementor-element-33d0c4f elementor-widget elementor-widget-heading\" data-id=\"33d0c4f\" data-element_type=\"widget\" data-e-type=\"widget\" data-widget_type=\"heading.default\">\n\t\t\t\t\t<h2 class=\"elementor-heading-title elementor-size-default\">Yhteystiedot<\/h2>\t\t\t\t<\/div>\n\t\t\t\t<div class=\"elementor-element elementor-element-06bf7a3 elementor-widget elementor-widget-heading\" data-id=\"06bf7a3\" data-element_type=\"widget\" data-e-type=\"widget\" data-widget_type=\"heading.default\">\n\t\t\t\t\t<h2 class=\"elementor-heading-title elementor-size-default\">Rakentamisen ja saneerauksen <br>palvelut Inkoosta<\/h2>\t\t\t\t<\/div>\n\t\t\t\t<div class=\"elementor-element elementor-element-ca7879f elementor-widget elementor-widget-text-editor\" data-id=\"ca7879f\" data-element_type=\"widget\" data-e-type=\"widget\" data-widget_type=\"text-editor.default\">\n\t\t\t\t\t\t\t\t\t<p>Vahvaa osaamista uudis\u00adrakentamiseen ja remontointiin.<\/p>\t\t\t\t\t\t\t\t<\/div>\n\t\t\t\t\t<\/div>\n\t\t<\/div>\n\t\t\t\t\t<\/div>\n\t\t<\/section>\n\t\t\t\t<section class=\"elementor-section elementor-top-section elementor-element elementor-element-c18d58e elementor-section-boxed elementor-section-height-default elementor-section-height-default\" data-id=\"c18d58e\" data-element_type=\"section\" data-e-type=\"section\" data-settings=\"{&quot;background_background&quot;:&quot;classic&quot;}\">\n\t\t\t\t\t\t<div class=\"elementor-container elementor-column-gap-default\">\n\t\t\t\t\t<div class=\"elementor-column elementor-col-50 elementor-top-column elementor-element elementor-element-8ff1efe\" data-id=\"8ff1efe\" data-element_type=\"column\" data-e-type=\"column\">\n\t\t\t<div class=\"elementor-widget-wrap elementor-element-populated\">\n\t\t\t\t\t\t<div class=\"elementor-element elementor-element-f4ed97c elementor-widget elementor-widget-heading\" data-id=\"f4ed97c\" data-element_type=\"widget\" data-e-type=\"widget\" data-widget_type=\"heading.default\">\n\t\t\t\t\t<h2 class=\"elementor-heading-title elementor-size-default\">Rakennusliike Leif \u00d6sterholm\n\n<\/h2>\t\t\t\t<\/div>\n\t\t\t\t<div class=\"elementor-element elementor-element-ed62332 elementor-widget elementor-widget-text-editor\" data-id=\"ed62332\" data-element_type=\"widget\" data-e-type=\"widget\" data-widget_type=\"text-editor.default\">\n\t\t\t\t\t\t\t\t\t<div id=\"50504702\" class=\"flex-element group\" data-auto=\"flex-element-group\" data-css-edit=\"true\">\n<div id=\"widget_3d2\" class=\"flex-element widget-wrapper\" data-auto=\"flex-element-widget-wrapper\" data-widget-type=\"paragraph\" data-external-id=\"1067018713\">\n<div id=\"1067018713\" class=\"dmNewParagraph\" data-element-type=\"paragraph\" data-version=\"5\">\n<p>Rakennusliike Leif \u00d6sterholm&nbsp;rakentaa ja saneeraa yli 30 vuoden kokemuksella. Palvelemme yksityisi\u00e4 ja yrityksi\u00e4 p\u00e4\u00e4asiassa Inkoon, Lohjan, Espoon, Kirkkonummen ja Raaseporin alueella, mutta sopimuksen l\u00e4hdemme kauemmaksikin. Ota yhteytt\u00e4 ja pyyd\u00e4 tarjous!<\/p>\n<\/div>\n<\/div>\n<\/div>\n<div id=\"387a8e8f\" class=\"flex-element group\" data-auto=\"flex-element-group\">\n<div id=\"widget_4m6\" class=\"flex-element widget-wrapper\" data-auto=\"flex-element-widget-wrapper\" data-widget-type=\"paragraph\" data-external-id=\"1073360623\">\n<div id=\"1073360623\" class=\"dmNewParagraph\" data-element-type=\"paragraph\" data-version=\"5\">&nbsp;<\/div>\n<\/div>\n<\/div>\t\t\t\t\t\t\t\t<\/div>\n\t\t\t\t<div class=\"elementor-element elementor-element-9818237 elementor-mobile-align-center elementor-icon-list--layout-traditional elementor-list-item-link-full_width elementor-widget elementor-widget-icon-list\" data-id=\"9818237\" data-element_type=\"widget\" data-e-type=\"widget\" data-widget_type=\"icon-list.default\">\n\t\t\t\t\t\t\t<ul class=\"elementor-icon-list-items\">\n\t\t\t\t\t\t\t<li class=\"elementor-icon-list-item\">\n\t\t\t\t\t\t\t\t\t\t<span class=\"elementor-icon-list-text\">Y-tunnus: 1611778-0 <\/span>\n\t\t\t\t\t\t\t\t\t<\/li>\n\t\t\t\t\t\t\t\t<li class=\"elementor-icon-list-item\">\n\t\t\t\t\t\t\t\t\t\t<span class=\"elementor-icon-list-text\">R\u00e4vbergsv\u00e4gen 62, 10210 Inkoo<\/span>\n\t\t\t\t\t\t\t\t\t<\/li>\n\t\t\t\t\t\t\t\t<li class=\"elementor-icon-list-item\">\n\t\t\t\t\t\t\t\t\t\t\t<a href=\"tel:0400%20464%20641\">\n\n\t\t\t\t\t\t\t\t\t\t\t<span class=\"elementor-icon-list-text\">Puh. 0400 464 641<\/span>\n\t\t\t\t\t\t\t\t\t\t\t<\/a>\n\t\t\t\t\t\t\t\t\t<\/li>\n\t\t\t\t\t\t\t\t<li class=\"elementor-icon-list-item\">\n\t\t\t\t\t\t\t\t\t\t\t<a href=\"mailto:nacke.osterholm@dnainternet.net\">\n\n\t\t\t\t\t\t\t\t\t\t\t<span class=\"elementor-icon-list-text\">nacke.osterholm@dnainternet.net<\/span>\n\t\t\t\t\t\t\t\t\t\t\t<\/a>\n\t\t\t\t\t\t\t\t\t<\/li>\n\t\t\t\t\t\t\t\t<li class=\"elementor-icon-list-item\">\n\t\t\t\t\t\t\t\t\t\t\t<a href=\"mailto:info@leifosterholm.fi\">\n\n\t\t\t\t\t\t\t\t\t\t\t<span class=\"elementor-icon-list-text\">info@leifosterholm.fi<\/span>\n\t\t\t\t\t\t\t\t\t\t\t<\/a>\n\t\t\t\t\t\t\t\t\t<\/li>\n\t\t\t\t\t\t<\/ul>\n\t\t\t\t\t\t<\/div>\n\t\t\t\t\t<\/div>\n\t\t<\/div>\n\t\t\t\t<div class=\"elementor-column elementor-col-50 elementor-top-column elementor-element elementor-element-e3fbc2c\" data-id=\"e3fbc2c\" data-element_type=\"column\" data-e-type=\"column\" data-settings=\"{&quot;background_background&quot;:&quot;classic&quot;}\">\n\t\t\t<div class=\"elementor-widget-wrap elementor-element-populated\">\n\t\t\t\t\t\t<div class=\"elementor-element elementor-element-4376137 elementor-button-align-stretch elementor-widget elementor-widget-form\" data-id=\"4376137\" data-element_type=\"widget\" data-e-type=\"widget\" data-settings=\"{&quot;step_next_label&quot;:&quot;Next&quot;,&quot;step_previous_label&quot;:&quot;Previous&quot;,&quot;button_width&quot;:&quot;100&quot;,&quot;step_type&quot;:&quot;number_text&quot;,&quot;step_icon_shape&quot;:&quot;circle&quot;}\" data-widget_type=\"form.default\">\n\t\t\t\t\t\t\t<form class=\"elementor-form\" method=\"post\" name=\"New Form\" aria-label=\"New Form\">\n\t\t\t<input type=\"hidden\" name=\"post_id\" value=\"27\"\/>\n\t\t\t<input type=\"hidden\" name=\"form_id\" value=\"4376137\"\/>\n\t\t\t<input type=\"hidden\" name=\"referer_title\" value=\"Rakentamisen ja saneerauksenpalvelut Inkoosta | Yhteystiedot\" \/>\n\n\t\t\t\t\t\t\t<input type=\"hidden\" name=\"queried_id\" value=\"27\"\/>\n\t\t\t\n\t\t\t<div class=\"elementor-form-fields-wrapper elementor-labels-above\">\n\t\t\t\t\t\t\t\t<div class=\"elementor-field-type-text elementor-field-group elementor-column elementor-field-group-name elementor-col-100 elementor-field-required\">\n\t\t\t\t\t\t\t\t\t\t\t\t<label for=\"form-field-name\" class=\"elementor-field-label\">\n\t\t\t\t\t\t\t\tEtu- ja sukunimi\t\t\t\t\t\t\t<\/label>\n\t\t\t\t\t\t\t\t\t\t\t\t\t\t<input size=\"1\" type=\"text\" name=\"form_fields[name]\" id=\"form-field-name\" class=\"elementor-field elementor-size-sm  elementor-field-textual\" placeholder=\"Etu- ja sukunimi\" required=\"required\">\n\t\t\t\t\t\t\t\t\t\t\t<\/div>\n\t\t\t\t\t\t\t\t<div class=\"elementor-field-type-email elementor-field-group elementor-column elementor-field-group-email elementor-col-50 elementor-field-required\">\n\t\t\t\t\t\t\t\t\t\t\t\t<label for=\"form-field-email\" class=\"elementor-field-label\">\n\t\t\t\t\t\t\t\tS\u00e4hk\u00f6posti\t\t\t\t\t\t\t<\/label>\n\t\t\t\t\t\t\t\t\t\t\t\t\t\t<input size=\"1\" type=\"email\" name=\"form_fields[email]\" id=\"form-field-email\" class=\"elementor-field elementor-size-sm  elementor-field-textual\" placeholder=\"S\u00e4hk\u00f6posti\" required=\"required\">\n\t\t\t\t\t\t\t\t\t\t\t<\/div>\n\t\t\t\t\t\t\t\t<div class=\"elementor-field-type-tel elementor-field-group elementor-column elementor-field-group-field_82dac54 elementor-col-50 elementor-field-required\">\n\t\t\t\t\t\t\t\t\t\t\t\t<label for=\"form-field-field_82dac54\" class=\"elementor-field-label\">\n\t\t\t\t\t\t\t\tPuhelinnumero\t\t\t\t\t\t\t<\/label>\n\t\t\t\t\t\t\t\t<input size=\"1\" type=\"tel\" name=\"form_fields[field_82dac54]\" id=\"form-field-field_82dac54\" class=\"elementor-field elementor-size-sm  elementor-field-textual\" placeholder=\"Puhelinnumero\" required=\"required\" pattern=\"[0-9()#&amp;+*-=.]+\" title=\"Endast siffror och telefontecken (#, -, *, etc) accepteras.\">\n\n\t\t\t\t\t\t<\/div>\n\t\t\t\t\t\t\t\t<div class=\"elementor-field-type-text elementor-field-group elementor-column elementor-field-group-field_d51ff58 elementor-col-100 elementor-field-required\">\n\t\t\t\t\t\t\t\t\t\t\t\t<label for=\"form-field-field_d51ff58\" class=\"elementor-field-label\">\n\t\t\t\t\t\t\t\tAihe\t\t\t\t\t\t\t<\/label>\n\t\t\t\t\t\t\t\t\t\t\t\t\t\t<input size=\"1\" type=\"text\" name=\"form_fields[field_d51ff58]\" id=\"form-field-field_d51ff58\" class=\"elementor-field elementor-size-sm  elementor-field-textual\" placeholder=\"Aihe\" required=\"required\">\n\t\t\t\t\t\t\t\t\t\t\t<\/div>\n\t\t\t\t\t\t\t\t<div class=\"elementor-field-type-textarea elementor-field-group elementor-column elementor-field-group-message elementor-col-100\">\n\t\t\t\t\t\t\t\t\t\t\t\t<label for=\"form-field-message\" class=\"elementor-field-label\">\n\t\t\t\t\t\t\t\tViesti\t\t\t\t\t\t\t<\/label>\n\t\t\t\t\t\t<textarea class=\"elementor-field-textual elementor-field  elementor-size-sm\" name=\"form_fields[message]\" id=\"form-field-message\" rows=\"4\" placeholder=\"Kirjoita viestisi...\"><\/textarea>\t\t\t\t<\/div>\n\t\t\t\t\t\t\t\t<div class=\"elementor-field-type-recaptcha_v3 elementor-field-group elementor-column elementor-field-group-field_2cb4699 elementor-col-100 recaptcha_v3-bottomleft\">\n\t\t\t\t\t<div class=\"elementor-field\" id=\"form-field-field_2cb4699\"><div class=\"elementor-g-recaptcha\" data-sitekey=\"6Len61MsAAAAAI7OLqJqEScW_BaclsYZuFuDIhmq\" data-type=\"v3\" data-action=\"Form\" data-badge=\"bottomleft\" data-size=\"invisible\"><\/div><\/div>\t\t\t\t<\/div>\n\t\t\t\t\t\t\t\t<div class=\"elementor-field-group elementor-column elementor-field-type-submit elementor-col-100 e-form__buttons\">\n\t\t\t\t\t<button class=\"elementor-button elementor-size-sm\" type=\"submit\">\n\t\t\t\t\t\t<span class=\"elementor-button-content-wrapper\">\n\t\t\t\t\t\t\t\t\t\t\t\t\t\t\t\t\t\t\t\t\t\t<span class=\"elementor-button-text\">L\u00e4het\u00e4<\/span>\n\t\t\t\t\t\t\t\t\t\t\t\t\t<\/span>\n\t\t\t\t\t<\/button>\n\t\t\t\t<\/div>\n\t\t\t<\/div>\n\t\t<\/form>\n\t\t\t\t\t\t<\/div>\n\t\t\t\t\t<\/div>\n\t\t<\/div>\n\t\t\t\t\t<\/div>\n\t\t<\/section>\n\t\t\t\t<section class=\"elementor-section elementor-top-section elementor-element elementor-element-a9a1963 elementor-section-full_width elementor-section-height-default elementor-section-height-default\" data-id=\"a9a1963\" data-element_type=\"section\" data-e-type=\"section\">\n\t\t\t\t\t\t<div class=\"elementor-container elementor-column-gap-default\">\n\t\t\t\t\t<div class=\"elementor-column elementor-col-100 elementor-top-column elementor-element elementor-element-c1e2a06\" data-id=\"c1e2a06\" data-element_type=\"column\" data-e-type=\"column\">\n\t\t\t<div class=\"elementor-widget-wrap elementor-element-populated\">\n\t\t\t\t\t\t<div class=\"elementor-element elementor-element-19ce6e1 elementor-widget elementor-widget-google_maps\" data-id=\"19ce6e1\" data-element_type=\"widget\" data-e-type=\"widget\" data-widget_type=\"google_maps.default\">\n\t\t\t\t\t\t\t<div class=\"elementor-custom-embed\">\n\t\t\t<iframe loading=\"lazy\"\n\t\t\t\t\tsrc=\"https:\/\/maps.google.com\/maps?q=R%C3%A4vbergsv%C3%A4gen%2062%2010210%20Inkoo&#038;t=m&#038;z=14&#038;output=embed&#038;iwloc=near\"\n\t\t\t\t\ttitle=\"R\u00e4vbergsv\u00e4gen 62 10210 Inkoo\"\n\t\t\t\t\taria-label=\"R\u00e4vbergsv\u00e4gen 62 10210 Inkoo\"\n\t\t\t><\/iframe>\n\t\t<\/div>\n\t\t\t\t\t\t<\/div>\n\t\t\t\t\t<\/div>\n\t\t<\/div>\n\t\t\t\t\t<\/div>\n\t\t<\/section>\n\t\t\t\t<\/div>\n\t\t","protected":false},"excerpt":{"rendered":"<p>Yhteystiedot Rakentamisen ja saneerauksen palvelut Inkoosta Vahvaa osaamista uudis\u00adrakentamiseen ja remontointiin. Rakennusliike Leif \u00d6sterholm Rakennusliike Leif \u00d6sterholm&nbsp;rakentaa ja saneeraa yli [&hellip;]<\/p>\n","protected":false},"author":1,"featured_media":183,"parent":0,"menu_order":0,"comment_status":"closed","ping_status":"closed","template":"elementor_header_footer","meta":{"site-sidebar-layout":"no-sidebar","site-content-layout":"","ast-site-content-layout":"full-width-container","site-content-style":"default","site-sidebar-style":"default","ast-global-header-display":"","ast-banner-title-visibility":"","ast-main-header-display":"","ast-hfb-above-header-display":"","ast-hfb-below-header-display":"","ast-hfb-mobile-header-display":"","site-post-title":"","ast-breadcrumbs-content":"","ast-featured-img":"disabled","footer-sml-layout":"","theme-transparent-header-meta":"","adv-header-id-meta":"","stick-header-meta":"","header-above-stick-meta":"","header-main-stick-meta":"","header-below-stick-meta":"","astra-migrate-meta-layouts":"default","ast-page-background-enabled":"default","ast-page-background-meta":{"desktop":{"background-color":"var(--ast-global-color-5)","background-image":"","background-repeat":"repeat","background-position":"center center","background-size":"auto","background-attachment":"scroll","background-type":"","background-media":"","overlay-type":"","overlay-color":"","overlay-opacity":"","overlay-gradient":""},"tablet":{"background-color":"","background-image":"","background-repeat":"repeat","background-position":"center center","background-size":"auto","background-attachment":"scroll","background-type":"","background-media":"","overlay-type":"","overlay-color":"","overlay-opacity":"","overlay-gradient":""},"mobile":{"background-color":"","background-image":"","background-repeat":"repeat","background-position":"center center","background-size":"auto","background-attachment":"scroll","background-type":"","background-media":"","overlay-type":"","overlay-color":"","overlay-opacity":"","overlay-gradient":""}},"ast-content-background-meta":{"desktop":{"background-color":"var(--ast-global-color-4)","background-image":"","background-repeat":"repeat","background-position":"center center","background-size":"auto","background-attachment":"scroll","background-type":"","background-media":"","overlay-type":"","overlay-color":"","overlay-opacity":"","overlay-gradient":""},"tablet":{"background-color":"var(--ast-global-color-4)","background-image":"","background-repeat":"repeat","background-position":"center center","background-size":"auto","background-attachment":"scroll","background-type":"","background-media":"","overlay-type":"","overlay-color":"","overlay-opacity":"","overlay-gradient":""},"mobile":{"background-color":"var(--ast-global-color-4)","background-image":"","background-repeat":"repeat","background-position":"center center","background-size":"auto","background-attachment":"scroll","background-type":"","background-media":"","overlay-type":"","overlay-color":"","overlay-opacity":"","overlay-gradient":""}},"footnotes":""},"class_list":["post-27","page","type-page","status-publish","has-post-thumbnail","hentry"],"yoast_head":"<!-- This site is optimized with the Yoast SEO plugin v27.5 - https:\/\/yoast.com\/product\/yoast-seo-wordpress\/ -->\n<title>Rakentamisen ja saneerauksenpalvelut Inkoosta | Yhteystiedot<\/title>\n<meta name=\"description\" content=\"Rakennusliike Leif \u00d6sterholm rakentaa ja saneeraa yli 30 vuoden kokemuksella. Palvelemme yksityisi\u00e4 ja yrityksi\u00e4 p\u00e4\u00e4asiassa Inkoon, Lohjan, Espoon, Kirkkonummen ja Raaseporin alueella.\" \/>\n<meta name=\"robots\" content=\"index, follow, max-snippet:-1, max-image-preview:large, max-video-preview:-1\" \/>\n<link rel=\"canonical\" href=\"https:\/\/leifosterholm.fi\/sv\/yhteystiedot\/\" \/>\n<meta property=\"og:locale\" content=\"sv_SE\" \/>\n<meta property=\"og:type\" content=\"article\" \/>\n<meta property=\"og:title\" content=\"Rakentamisen ja saneerauksenpalvelut Inkoosta | Yhteystiedot\" \/>\n<meta property=\"og:description\" content=\"Rakennusliike Leif \u00d6sterholm rakentaa ja saneeraa yli 30 vuoden kokemuksella. Palvelemme yksityisi\u00e4 ja yrityksi\u00e4 p\u00e4\u00e4asiassa Inkoon, Lohjan, Espoon, Kirkkonummen ja Raaseporin alueella.\" \/>\n<meta property=\"og:url\" content=\"https:\/\/leifosterholm.fi\/sv\/yhteystiedot\/\" \/>\n<meta property=\"og:site_name\" content=\"Rakennusliike Leif \u00d6sterholm\" \/>\n<meta property=\"article:modified_time\" content=\"2026-01-23T11:29:06+00:00\" \/>\n<meta property=\"og:image\" content=\"https:\/\/leifosterholm.fi\/wp-content\/uploads\/2025\/11\/vecteezy_modern-wooden-house-exterior-with-blue-sky-and-clouds_70867820-scaled.jpg\" \/>\n\t<meta property=\"og:image:width\" content=\"2560\" \/>\n\t<meta property=\"og:image:height\" content=\"1396\" \/>\n\t<meta property=\"og:image:type\" content=\"image\/jpeg\" \/>\n<meta name=\"twitter:card\" content=\"summary_large_image\" \/>\n<meta name=\"twitter:label1\" content=\"Ber\u00e4knad l\u00e4stid\" \/>\n\t<meta name=\"twitter:data1\" content=\"1 minut\" \/>\n<script type=\"application\/ld+json\" class=\"yoast-schema-graph\">{\"@context\":\"https:\\\/\\\/schema.org\",\"@graph\":[{\"@type\":\"WebPage\",\"@id\":\"https:\\\/\\\/leifosterholm.fi\\\/yhteystiedot\\\/\",\"url\":\"https:\\\/\\\/leifosterholm.fi\\\/yhteystiedot\\\/\",\"name\":\"Rakentamisen ja saneerauksenpalvelut Inkoosta | Yhteystiedot\",\"isPartOf\":{\"@id\":\"https:\\\/\\\/leifosterholm.fi\\\/#website\"},\"primaryImageOfPage\":{\"@id\":\"https:\\\/\\\/leifosterholm.fi\\\/yhteystiedot\\\/#primaryimage\"},\"image\":{\"@id\":\"https:\\\/\\\/leifosterholm.fi\\\/yhteystiedot\\\/#primaryimage\"},\"thumbnailUrl\":\"https:\\\/\\\/leifosterholm.fi\\\/wp-content\\\/uploads\\\/2025\\\/11\\\/vecteezy_modern-wooden-house-exterior-with-blue-sky-and-clouds_70867820-scaled.jpg\",\"datePublished\":\"2025-11-04T07:08:18+00:00\",\"dateModified\":\"2026-01-23T11:29:06+00:00\",\"description\":\"Rakennusliike Leif \u00d6sterholm rakentaa ja saneeraa yli 30 vuoden kokemuksella. Palvelemme yksityisi\u00e4 ja yrityksi\u00e4 p\u00e4\u00e4asiassa Inkoon, Lohjan, Espoon, Kirkkonummen ja Raaseporin alueella.\",\"breadcrumb\":{\"@id\":\"https:\\\/\\\/leifosterholm.fi\\\/yhteystiedot\\\/#breadcrumb\"},\"inLanguage\":\"sv-SE\",\"potentialAction\":[{\"@type\":\"ReadAction\",\"target\":[\"https:\\\/\\\/leifosterholm.fi\\\/yhteystiedot\\\/\"]}]},{\"@type\":\"ImageObject\",\"inLanguage\":\"sv-SE\",\"@id\":\"https:\\\/\\\/leifosterholm.fi\\\/yhteystiedot\\\/#primaryimage\",\"url\":\"https:\\\/\\\/leifosterholm.fi\\\/wp-content\\\/uploads\\\/2025\\\/11\\\/vecteezy_modern-wooden-house-exterior-with-blue-sky-and-clouds_70867820-scaled.jpg\",\"contentUrl\":\"https:\\\/\\\/leifosterholm.fi\\\/wp-content\\\/uploads\\\/2025\\\/11\\\/vecteezy_modern-wooden-house-exterior-with-blue-sky-and-clouds_70867820-scaled.jpg\",\"width\":2560,\"height\":1396,\"caption\":\"A modern home's exterior stands beneath a bright blue sky dotted with fluffy white clouds. The house features a wood-paneled facade with vertical planks, complemented by large windows that reflect the sky. Dark gray trim accentuates the architecture, adding a touch of sophistication. The shot is taken from a low angle, emphasizing the height and design of the building. This image is suitable for use in architectural magazines, home design websites, or real estate marketing materials.\"},{\"@type\":\"BreadcrumbList\",\"@id\":\"https:\\\/\\\/leifosterholm.fi\\\/yhteystiedot\\\/#breadcrumb\",\"itemListElement\":[{\"@type\":\"ListItem\",\"position\":1,\"name\":\"Etusivu\",\"item\":\"https:\\\/\\\/leifosterholm.fi\\\/\"},{\"@type\":\"ListItem\",\"position\":2,\"name\":\"Yhteystiedot\"}]},{\"@type\":\"WebSite\",\"@id\":\"https:\\\/\\\/leifosterholm.fi\\\/#website\",\"url\":\"https:\\\/\\\/leifosterholm.fi\\\/\",\"name\":\"Rakennusliike Leif \u00d6sterholm\",\"description\":\"\",\"potentialAction\":[{\"@type\":\"SearchAction\",\"target\":{\"@type\":\"EntryPoint\",\"urlTemplate\":\"https:\\\/\\\/leifosterholm.fi\\\/?s={search_term_string}\"},\"query-input\":{\"@type\":\"PropertyValueSpecification\",\"valueRequired\":true,\"valueName\":\"search_term_string\"}}],\"inLanguage\":\"sv-SE\"}]}<\/script>\n<!-- \/ Yoast SEO plugin. -->","yoast_head_json":{"title":"Rakentamisen ja saneerauksenpalvelut Inkoosta | Yhteystiedot","description":"Rakennusliike Leif \u00d6sterholm rakentaa ja saneeraa yli 30 vuoden kokemuksella. Palvelemme yksityisi\u00e4 ja yrityksi\u00e4 p\u00e4\u00e4asiassa Inkoon, Lohjan, Espoon, Kirkkonummen ja Raaseporin alueella.","robots":{"index":"index","follow":"follow","max-snippet":"max-snippet:-1","max-image-preview":"max-image-preview:large","max-video-preview":"max-video-preview:-1"},"canonical":"https:\/\/leifosterholm.fi\/sv\/yhteystiedot\/","og_locale":"sv_SE","og_type":"article","og_title":"Rakentamisen ja saneerauksenpalvelut Inkoosta | Yhteystiedot","og_description":"Rakennusliike Leif \u00d6sterholm rakentaa ja saneeraa yli 30 vuoden kokemuksella. Palvelemme yksityisi\u00e4 ja yrityksi\u00e4 p\u00e4\u00e4asiassa Inkoon, Lohjan, Espoon, Kirkkonummen ja Raaseporin alueella.","og_url":"https:\/\/leifosterholm.fi\/sv\/yhteystiedot\/","og_site_name":"Rakennusliike Leif \u00d6sterholm","article_modified_time":"2026-01-23T11:29:06+00:00","og_image":[{"width":2560,"height":1396,"url":"https:\/\/leifosterholm.fi\/wp-content\/uploads\/2025\/11\/vecteezy_modern-wooden-house-exterior-with-blue-sky-and-clouds_70867820-scaled.jpg","type":"image\/jpeg"}],"twitter_card":"summary_large_image","twitter_misc":{"Ber\u00e4knad l\u00e4stid":"1 minut"},"schema":{"@context":"https:\/\/schema.org","@graph":[{"@type":"WebPage","@id":"https:\/\/leifosterholm.fi\/yhteystiedot\/","url":"https:\/\/leifosterholm.fi\/yhteystiedot\/","name":"Rakentamisen ja saneerauksenpalvelut Inkoosta | Yhteystiedot","isPartOf":{"@id":"https:\/\/leifosterholm.fi\/#website"},"primaryImageOfPage":{"@id":"https:\/\/leifosterholm.fi\/yhteystiedot\/#primaryimage"},"image":{"@id":"https:\/\/leifosterholm.fi\/yhteystiedot\/#primaryimage"},"thumbnailUrl":"https:\/\/leifosterholm.fi\/wp-content\/uploads\/2025\/11\/vecteezy_modern-wooden-house-exterior-with-blue-sky-and-clouds_70867820-scaled.jpg","datePublished":"2025-11-04T07:08:18+00:00","dateModified":"2026-01-23T11:29:06+00:00","description":"Rakennusliike Leif \u00d6sterholm rakentaa ja saneeraa yli 30 vuoden kokemuksella. Palvelemme yksityisi\u00e4 ja yrityksi\u00e4 p\u00e4\u00e4asiassa Inkoon, Lohjan, Espoon, Kirkkonummen ja Raaseporin alueella.","breadcrumb":{"@id":"https:\/\/leifosterholm.fi\/yhteystiedot\/#breadcrumb"},"inLanguage":"sv-SE","potentialAction":[{"@type":"ReadAction","target":["https:\/\/leifosterholm.fi\/yhteystiedot\/"]}]},{"@type":"ImageObject","inLanguage":"sv-SE","@id":"https:\/\/leifosterholm.fi\/yhteystiedot\/#primaryimage","url":"https:\/\/leifosterholm.fi\/wp-content\/uploads\/2025\/11\/vecteezy_modern-wooden-house-exterior-with-blue-sky-and-clouds_70867820-scaled.jpg","contentUrl":"https:\/\/leifosterholm.fi\/wp-content\/uploads\/2025\/11\/vecteezy_modern-wooden-house-exterior-with-blue-sky-and-clouds_70867820-scaled.jpg","width":2560,"height":1396,"caption":"A modern home's exterior stands beneath a bright blue sky dotted with fluffy white clouds. The house features a wood-paneled facade with vertical planks, complemented by large windows that reflect the sky. Dark gray trim accentuates the architecture, adding a touch of sophistication. The shot is taken from a low angle, emphasizing the height and design of the building. This image is suitable for use in architectural magazines, home design websites, or real estate marketing materials."},{"@type":"BreadcrumbList","@id":"https:\/\/leifosterholm.fi\/yhteystiedot\/#breadcrumb","itemListElement":[{"@type":"ListItem","position":1,"name":"Etusivu","item":"https:\/\/leifosterholm.fi\/"},{"@type":"ListItem","position":2,"name":"Yhteystiedot"}]},{"@type":"WebSite","@id":"https:\/\/leifosterholm.fi\/#website","url":"https:\/\/leifosterholm.fi\/","name":"Byggnads\u00adtj\u00e4nst \u00d6sterholm Leif","description":"","potentialAction":[{"@type":"SearchAction","target":{"@type":"EntryPoint","urlTemplate":"https:\/\/leifosterholm.fi\/?s={search_term_string}"},"query-input":{"@type":"PropertyValueSpecification","valueRequired":true,"valueName":"search_term_string"}}],"inLanguage":"sv-SE"}]}},"_links":{"self":[{"href":"https:\/\/leifosterholm.fi\/sv\/wp-json\/wp\/v2\/pages\/27","targetHints":{"allow":["GET"]}}],"collection":[{"href":"https:\/\/leifosterholm.fi\/sv\/wp-json\/wp\/v2\/pages"}],"about":[{"href":"https:\/\/leifosterholm.fi\/sv\/wp-json\/wp\/v2\/types\/page"}],"author":[{"embeddable":true,"href":"https:\/\/leifosterholm.fi\/sv\/wp-json\/wp\/v2\/users\/1"}],"replies":[{"embeddable":true,"href":"https:\/\/leifosterholm.fi\/sv\/wp-json\/wp\/v2\/comments?post=27"}],"version-history":[{"count":31,"href":"https:\/\/leifosterholm.fi\/sv\/wp-json\/wp\/v2\/pages\/27\/revisions"}],"predecessor-version":[{"id":311,"href":"https:\/\/leifosterholm.fi\/sv\/wp-json\/wp\/v2\/pages\/27\/revisions\/311"}],"wp:featuredmedia":[{"embeddable":true,"href":"https:\/\/leifosterholm.fi\/sv\/wp-json\/wp\/v2\/media\/183"}],"wp:attachment":[{"href":"https:\/\/leifosterholm.fi\/sv\/wp-json\/wp\/v2\/media?parent=27"}],"curies":[{"name":"wp","href":"https:\/\/api.w.org\/{rel}","templated":true}]}}