{"id":25,"date":"2025-11-04T07:08:10","date_gmt":"2025-11-04T07:08:10","guid":{"rendered":"https:\/\/leifosterholm.fi\/?page_id=25"},"modified":"2026-01-23T10:58:02","modified_gmt":"2026-01-23T10:58:02","slug":"kuvagalleria","status":"publish","type":"page","link":"https:\/\/leifosterholm.fi\/sv\/kuvagalleria\/","title":{"rendered":"Bildgalleri"},"content":{"rendered":"<div data-elementor-type=\"wp-page\" data-elementor-id=\"25\" class=\"elementor elementor-25\" data-elementor-post-type=\"page\">\n\t\t\t\t\t\t<section class=\"elementor-section elementor-top-section elementor-element elementor-element-6478423 elementor-section-boxed elementor-section-height-default elementor-section-height-default\" data-id=\"6478423\" data-element_type=\"section\" data-e-type=\"section\" data-settings=\"{&quot;background_background&quot;:&quot;classic&quot;}\">\n\t\t\t\t\t\t\t<div class=\"elementor-background-overlay\"><\/div>\n\t\t\t\t\t\t\t<div class=\"elementor-container elementor-column-gap-default\">\n\t\t\t\t\t<div class=\"elementor-column elementor-col-100 elementor-top-column elementor-element elementor-element-4e00738\" data-id=\"4e00738\" data-element_type=\"column\" data-e-type=\"column\">\n\t\t\t<div class=\"elementor-widget-wrap elementor-element-populated\">\n\t\t\t\t\t\t<div class=\"elementor-element elementor-element-25138e1 elementor-widget elementor-widget-heading\" data-id=\"25138e1\" data-element_type=\"widget\" data-e-type=\"widget\" data-widget_type=\"heading.default\">\n\t\t\t\t\t<h2 class=\"elementor-heading-title elementor-size-default\">L\u00e4s mer<\/h2>\t\t\t\t<\/div>\n\t\t\t\t<div class=\"elementor-element elementor-element-ee2c690 elementor-widget elementor-widget-heading\" data-id=\"ee2c690\" data-element_type=\"widget\" data-e-type=\"widget\" data-widget_type=\"heading.default\">\n\t\t\t\t\t<h2 class=\"elementor-heading-title elementor-size-default\">Bildgalleri<\/h2>\t\t\t\t<\/div>\n\t\t\t\t<div class=\"elementor-element elementor-element-d73fa83 elementor-widget elementor-widget-text-editor\" data-id=\"d73fa83\" data-element_type=\"widget\" data-e-type=\"widget\" data-widget_type=\"text-editor.default\">\n\t\t\t\t\t\t\t\t\t<p>Byggtj\u00e4nst Leif \u00d6sterholm \u00e4r en erfaren byggtj\u00e4nst i Ing\u00e5. Vi bygger nytt och reparerar gammalt med \u00f6ver 30 \u00e5rs erfarenhet. Vi erbjuder en kvalitets- och kundorienterad service som utf\u00f6rs i enlighet med g\u00e4llande lagar och f\u00f6rordningar.<\/p>\t\t\t\t\t\t\t\t<\/div>\n\t\t\t\t<div class=\"elementor-element elementor-element-7aaa808 elementor-widget__width-inherit elementor-align-center elementor-widget elementor-widget-button\" data-id=\"7aaa808\" data-element_type=\"widget\" data-e-type=\"widget\" data-widget_type=\"button.default\">\n\t\t\t\t\t\t\t\t\t\t<a class=\"elementor-button elementor-button-link elementor-size-sm elementor-animation-shrink\" href=\"https:\/\/leifosterholm.fi\/sv\/yhteystiedot\/\">\n\t\t\t\t\t\t<span class=\"elementor-button-content-wrapper\">\n\t\t\t\t\t\t\t\t\t<span class=\"elementor-button-text\">Kontakta oss<\/span>\n\t\t\t\t\t<\/span>\n\t\t\t\t\t<\/a>\n\t\t\t\t\t\t\t\t<\/div>\n\t\t\t\t\t<\/div>\n\t\t<\/div>\n\t\t\t\t\t<\/div>\n\t\t<\/section>\n\t\t\t\t<section class=\"elementor-section elementor-top-section elementor-element elementor-element-c55a817 elementor-section-full_width elementor-section-height-default elementor-section-height-default\" data-id=\"c55a817\" data-element_type=\"section\" data-e-type=\"section\">\n\t\t\t\t\t\t<div class=\"elementor-container elementor-column-gap-default\">\n\t\t\t\t\t<div class=\"elementor-column elementor-col-100 elementor-top-column elementor-element elementor-element-7e79ffc\" data-id=\"7e79ffc\" data-element_type=\"column\" data-e-type=\"column\">\n\t\t\t<div class=\"elementor-widget-wrap elementor-element-populated\">\n\t\t\t\t\t\t<div class=\"elementor-element elementor-element-7dc8477 elementor-widget elementor-widget-gallery\" data-id=\"7dc8477\" data-element_type=\"widget\" data-e-type=\"widget\" data-settings=\"{&quot;aspect_ratio&quot;:&quot;1:1&quot;,&quot;columns_mobile&quot;:2,&quot;lazyload&quot;:&quot;yes&quot;,&quot;gallery_layout&quot;:&quot;grid&quot;,&quot;columns&quot;:4,&quot;columns_tablet&quot;:2,&quot;gap&quot;:{&quot;unit&quot;:&quot;px&quot;,&quot;size&quot;:10,&quot;sizes&quot;:[]},&quot;gap_tablet&quot;:{&quot;unit&quot;:&quot;px&quot;,&quot;size&quot;:10,&quot;sizes&quot;:[]},&quot;gap_mobile&quot;:{&quot;unit&quot;:&quot;px&quot;,&quot;size&quot;:10,&quot;sizes&quot;:[]},&quot;link_to&quot;:&quot;file&quot;,&quot;overlay_background&quot;:&quot;yes&quot;,&quot;content_hover_animation&quot;:&quot;fade-in&quot;}\" data-widget_type=\"gallery.default\">\n\t\t\t\t\t\t\t<div class=\"elementor-gallery__container\">\n\t\t\t\t\t\t\t<a class=\"e-gallery-item elementor-gallery-item elementor-animated-content\" href=\"https:\/\/leifosterholm.fi\/wp-content\/uploads\/2025\/11\/imgi_29_RakennusliikeByggnadstjnststerholmLeif_Rvbergsvgen_Inkoo_014.jpg\" data-elementor-open-lightbox=\"yes\" data-elementor-lightbox-slideshow=\"7dc8477\" data-elementor-lightbox-title=\"imgi_29_RakennusliikeByggnadstjnststerholmLeif_Rvbergsvgen_Inkoo_014\" data-e-action-hash=\"#elementor-action%3Aaction%3Dlightbox%26settings%3DeyJpZCI6MTY2LCJ1cmwiOiJodHRwczpcL1wvbGVpZm9zdGVyaG9sbS5maVwvd3AtY29udGVudFwvdXBsb2Fkc1wvMjAyNVwvMTFcL2ltZ2lfMjlfUmFrZW5udXNsaWlrZUJ5Z2duYWRzdGpuc3RzdGVyaG9sbUxlaWZfUnZiZXJnc3ZnZW5fSW5rb29fMDE0LmpwZyIsInNsaWRlc2hvdyI6IjdkYzg0NzcifQ%3D%3D\">\n\t\t\t\t\t<div class=\"e-gallery-image elementor-gallery-item__image\" data-thumbnail=\"https:\/\/leifosterholm.fi\/wp-content\/uploads\/2025\/11\/imgi_29_RakennusliikeByggnadstjnststerholmLeif_Rvbergsvgen_Inkoo_014.jpg\" data-width=\"960\" data-height=\"640\" aria-label=\"\" role=\"img\" ><\/div>\n\t\t\t\t\t\t\t\t\t\t\t<div class=\"elementor-gallery-item__overlay\"><\/div>\n\t\t\t\t\t\t\t\t\t\t\t\t\t\t<\/a>\n\t\t\t\t\t\t\t<a class=\"e-gallery-item elementor-gallery-item elementor-animated-content\" href=\"https:\/\/leifosterholm.fi\/wp-content\/uploads\/2025\/11\/imgi_23_RakennusliikeByggnadstjnststerholmLeif_Rvbergsvgen_Inkoo_011.jpg\" data-elementor-open-lightbox=\"yes\" data-elementor-lightbox-slideshow=\"7dc8477\" data-elementor-lightbox-title=\"imgi_23_RakennusliikeByggnadstjnststerholmLeif_Rvbergsvgen_Inkoo_011\" data-e-action-hash=\"#elementor-action%3Aaction%3Dlightbox%26settings%3DeyJpZCI6MTY3LCJ1cmwiOiJodHRwczpcL1wvbGVpZm9zdGVyaG9sbS5maVwvd3AtY29udGVudFwvdXBsb2Fkc1wvMjAyNVwvMTFcL2ltZ2lfMjNfUmFrZW5udXNsaWlrZUJ5Z2duYWRzdGpuc3RzdGVyaG9sbUxlaWZfUnZiZXJnc3ZnZW5fSW5rb29fMDExLmpwZyIsInNsaWRlc2hvdyI6IjdkYzg0NzcifQ%3D%3D\">\n\t\t\t\t\t<div class=\"e-gallery-image elementor-gallery-item__image\" data-thumbnail=\"https:\/\/leifosterholm.fi\/wp-content\/uploads\/2025\/11\/imgi_23_RakennusliikeByggnadstjnststerholmLeif_Rvbergsvgen_Inkoo_011.jpg\" data-width=\"960\" data-height=\"640\" aria-label=\"\" role=\"img\" ><\/div>\n\t\t\t\t\t\t\t\t\t\t\t<div class=\"elementor-gallery-item__overlay\"><\/div>\n\t\t\t\t\t\t\t\t\t\t\t\t\t\t<\/a>\n\t\t\t\t\t\t\t<a class=\"e-gallery-item elementor-gallery-item elementor-animated-content\" href=\"https:\/\/leifosterholm.fi\/wp-content\/uploads\/2025\/11\/imgi_28_RakennusliikeByggnadstjnststerholmLeif_Rvbergsvgen_Inkoo_013-46ae0d6f-1920w.jpg\" data-elementor-open-lightbox=\"yes\" data-elementor-lightbox-slideshow=\"7dc8477\" data-elementor-lightbox-title=\"imgi_28_RakennusliikeByggnadstjnststerholmLeif_Rvbergsvgen_Inkoo_013-46ae0d6f-1920w\" data-e-action-hash=\"#elementor-action%3Aaction%3Dlightbox%26settings%3DeyJpZCI6MTY4LCJ1cmwiOiJodHRwczpcL1wvbGVpZm9zdGVyaG9sbS5maVwvd3AtY29udGVudFwvdXBsb2Fkc1wvMjAyNVwvMTFcL2ltZ2lfMjhfUmFrZW5udXNsaWlrZUJ5Z2duYWRzdGpuc3RzdGVyaG9sbUxlaWZfUnZiZXJnc3ZnZW5fSW5rb29fMDEzLTQ2YWUwZDZmLTE5MjB3LmpwZyIsInNsaWRlc2hvdyI6IjdkYzg0NzcifQ%3D%3D\">\n\t\t\t\t\t<div class=\"e-gallery-image elementor-gallery-item__image\" data-thumbnail=\"https:\/\/leifosterholm.fi\/wp-content\/uploads\/2025\/11\/imgi_28_RakennusliikeByggnadstjnststerholmLeif_Rvbergsvgen_Inkoo_013-46ae0d6f-1920w.jpg\" data-width=\"960\" data-height=\"713\" aria-label=\"\" role=\"img\" ><\/div>\n\t\t\t\t\t\t\t\t\t\t\t<div class=\"elementor-gallery-item__overlay\"><\/div>\n\t\t\t\t\t\t\t\t\t\t\t\t\t\t<\/a>\n\t\t\t\t\t\t\t<a class=\"e-gallery-item elementor-gallery-item elementor-animated-content\" href=\"https:\/\/leifosterholm.fi\/wp-content\/uploads\/2025\/11\/imgi_17_download-13672a56-2880w.jpg\" data-elementor-open-lightbox=\"yes\" data-elementor-lightbox-slideshow=\"7dc8477\" data-elementor-lightbox-title=\"imgi_17_download-13672a56-2880w\" data-e-action-hash=\"#elementor-action%3Aaction%3Dlightbox%26settings%3DeyJpZCI6MTY5LCJ1cmwiOiJodHRwczpcL1wvbGVpZm9zdGVyaG9sbS5maVwvd3AtY29udGVudFwvdXBsb2Fkc1wvMjAyNVwvMTFcL2ltZ2lfMTdfZG93bmxvYWQtMTM2NzJhNTYtMjg4MHcuanBnIiwic2xpZGVzaG93IjoiN2RjODQ3NyJ9\">\n\t\t\t\t\t<div class=\"e-gallery-image elementor-gallery-item__image\" data-thumbnail=\"https:\/\/leifosterholm.fi\/wp-content\/uploads\/2025\/11\/imgi_17_download-13672a56-2880w.jpg\" data-width=\"1920\" data-height=\"921\" aria-label=\"\" role=\"img\" ><\/div>\n\t\t\t\t\t\t\t\t\t\t\t<div class=\"elementor-gallery-item__overlay\"><\/div>\n\t\t\t\t\t\t\t\t\t\t\t\t\t\t<\/a>\n\t\t\t\t\t<\/div>\n\t\t\t\t\t<\/div>\n\t\t\t\t\t<\/div>\n\t\t<\/div>\n\t\t\t\t\t<\/div>\n\t\t<\/section>\n\t\t\t\t<section class=\"elementor-section elementor-top-section elementor-element elementor-element-882a481 elementor-section-boxed elementor-section-height-default elementor-section-height-default\" data-id=\"882a481\" data-element_type=\"section\" data-e-type=\"section\" data-settings=\"{&quot;background_background&quot;:&quot;classic&quot;}\">\n\t\t\t\t\t\t\t<div class=\"elementor-background-overlay\"><\/div>\n\t\t\t\t\t\t\t<div class=\"elementor-container elementor-column-gap-default\">\n\t\t\t\t\t<div class=\"elementor-column elementor-col-100 elementor-top-column elementor-element elementor-element-7033dc9\" data-id=\"7033dc9\" data-element_type=\"column\" data-e-type=\"column\">\n\t\t\t<div class=\"elementor-widget-wrap elementor-element-populated\">\n\t\t\t\t\t\t<div class=\"elementor-element elementor-element-6e26164 elementor-widget elementor-widget-heading\" data-id=\"6e26164\" data-element_type=\"widget\" data-e-type=\"widget\" data-widget_type=\"heading.default\">\n\t\t\t\t\t<h2 class=\"elementor-heading-title elementor-size-default translation-block\">Best\u00e4ll renovering av ditt hem fr\u00e5n en erfaren och professionell entrepren\u00f6r i Inkoo<\/h2>\t\t\t\t<\/div>\n\t\t\t\t<div class=\"elementor-element elementor-element-02b4d9d elementor-widget elementor-widget-text-editor\" data-id=\"02b4d9d\" data-element_type=\"widget\" data-e-type=\"widget\" data-widget_type=\"text-editor.default\">\n\t\t\t\t\t\t\t\t\t<div id=\"1607983684\" data-layout-section=\"\" data-auto=\"flex-section\" data-flex-id=\"b4fbbb03\"><section id=\"25230924\" class=\"flex-element section\" data-auto=\"flex-element-section\"><div id=\"975b35e3\" class=\"flex-element grid\" data-auto=\"flex-element-grid\" data-layout-grid=\"\"><div id=\"e97242cf\" class=\"flex-element group\" data-auto=\"flex-element-group\"><div id=\"ac4b40dc\" class=\"flex-element group\" data-auto=\"flex-element-group\"><div id=\"widget_20h\" class=\"flex-element widget-wrapper\" data-auto=\"flex-element-widget-wrapper\" data-widget-type=\"paragraph\" data-external-id=\"1309953837\"><div id=\"1309953837\" class=\"dmNewParagraph\" data-element-type=\"paragraph\" data-version=\"5\"><p>V\u00e5rt verksamhetsomr\u00e5de \u00e4r fr\u00e4mst Ing\u00e5, Lojo, Esbo, Kyrksl\u00e4tt och Raseborg, men vi kan enligt \u00f6verenskommelse ocks\u00e5 ta emot projekt p\u00e5 l\u00e4ngre avst\u00e5nd.<\/p><\/div><\/div><\/div><\/div><\/div><\/section><\/div>\t\t\t\t\t\t\t\t<\/div>\n\t\t\t\t<div class=\"elementor-element elementor-element-ed3dfb1 elementor-widget__width-initial elementor-align-center elementor-widget elementor-widget-button\" data-id=\"ed3dfb1\" data-element_type=\"widget\" data-e-type=\"widget\" data-widget_type=\"button.default\">\n\t\t\t\t\t\t\t\t\t\t<a class=\"elementor-button elementor-button-link elementor-size-sm elementor-animation-shrink\" href=\"https:\/\/leifosterholm.fi\/sv\/saneeraus\/\">\n\t\t\t\t\t\t<span class=\"elementor-button-content-wrapper\">\n\t\t\t\t\t\t\t\t\t<span class=\"elementor-button-text\">L\u00e4s mer<\/span>\n\t\t\t\t\t<\/span>\n\t\t\t\t\t<\/a>\n\t\t\t\t\t\t\t\t<\/div>\n\t\t\t\t\t<\/div>\n\t\t<\/div>\n\t\t\t\t\t<\/div>\n\t\t<\/section>\n\t\t\t\t<\/div>","protected":false},"excerpt":{"rendered":"<p>Tutustu Kuvagalleria Rakennamme uutta ja korjaamme vanhaa yli 30 vuoden kokemuksella. Meilt\u00e4 saat laadukasta ja asiakasl\u00e4ht\u00f6ist\u00e4 palvelua, joka tehd\u00e4\u00e4n kaikkien [&hellip;]<\/p>\n","protected":false},"author":1,"featured_media":0,"parent":0,"menu_order":0,"comment_status":"closed","ping_status":"closed","template":"elementor_header_footer","meta":{"site-sidebar-layout":"no-sidebar","site-content-layout":"","ast-site-content-layout":"full-width-container","site-content-style":"default","site-sidebar-style":"default","ast-global-header-display":"","ast-banner-title-visibility":"","ast-main-header-display":"","ast-hfb-above-header-display":"","ast-hfb-below-header-display":"","ast-hfb-mobile-header-display":"","site-post-title":"","ast-breadcrumbs-content":"","ast-featured-img":"disabled","footer-sml-layout":"","theme-transparent-header-meta":"","adv-header-id-meta":"","stick-header-meta":"","header-above-stick-meta":"","header-main-stick-meta":"","header-below-stick-meta":"","astra-migrate-meta-layouts":"default","ast-page-background-enabled":"default","ast-page-background-meta":{"desktop":{"background-color":"var(--ast-global-color-5)","background-image":"","background-repeat":"repeat","background-position":"center center","background-size":"auto","background-attachment":"scroll","background-type":"","background-media":"","overlay-type":"","overlay-color":"","overlay-opacity":"","overlay-gradient":""},"tablet":{"background-color":"","background-image":"","background-repeat":"repeat","background-position":"center center","background-size":"auto","background-attachment":"scroll","background-type":"","background-media":"","overlay-type":"","overlay-color":"","overlay-opacity":"","overlay-gradient":""},"mobile":{"background-color":"","background-image":"","background-repeat":"repeat","background-position":"center center","background-size":"auto","background-attachment":"scroll","background-type":"","background-media":"","overlay-type":"","overlay-color":"","overlay-opacity":"","overlay-gradient":""}},"ast-content-background-meta":{"desktop":{"background-color":"var(--ast-global-color-4)","background-image":"","background-repeat":"repeat","background-position":"center center","background-size":"auto","background-attachment":"scroll","background-type":"","background-media":"","overlay-type":"","overlay-color":"","overlay-opacity":"","overlay-gradient":""},"tablet":{"background-color":"var(--ast-global-color-4)","background-image":"","background-repeat":"repeat","background-position":"center center","background-size":"auto","background-attachment":"scroll","background-type":"","background-media":"","overlay-type":"","overlay-color":"","overlay-opacity":"","overlay-gradient":""},"mobile":{"background-color":"var(--ast-global-color-4)","background-image":"","background-repeat":"repeat","background-position":"center center","background-size":"auto","background-attachment":"scroll","background-type":"","background-media":"","overlay-type":"","overlay-color":"","overlay-opacity":"","overlay-gradient":""}},"footnotes":""},"class_list":["post-25","page","type-page","status-publish","hentry"],"yoast_head":"<!-- This site is optimized with the Yoast SEO plugin v27.5 - https:\/\/yoast.com\/product\/yoast-seo-wordpress\/ -->\n<title>Kuvagalleria - Rakennusliike Leif \u00d6sterholm<\/title>\n<meta name=\"robots\" content=\"index, follow, max-snippet:-1, max-image-preview:large, max-video-preview:-1\" \/>\n<link rel=\"canonical\" href=\"https:\/\/leifosterholm.fi\/sv\/kuvagalleria\/\" \/>\n<meta property=\"og:locale\" content=\"sv_SE\" \/>\n<meta property=\"og:type\" content=\"article\" \/>\n<meta property=\"og:title\" content=\"Kuvagalleria - Rakennusliike Leif \u00d6sterholm\" \/>\n<meta property=\"og:description\" content=\"Tutustu Kuvagalleria Rakennamme uutta ja korjaamme vanhaa yli 30 vuoden kokemuksella. Meilt\u00e4 saat laadukasta ja asiakasl\u00e4ht\u00f6ist\u00e4 palvelua, joka tehd\u00e4\u00e4n kaikkien [&hellip;]\" \/>\n<meta property=\"og:url\" content=\"https:\/\/leifosterholm.fi\/sv\/kuvagalleria\/\" \/>\n<meta property=\"og:site_name\" content=\"Rakennusliike Leif \u00d6sterholm\" \/>\n<meta property=\"article:modified_time\" content=\"2026-01-23T10:58:02+00:00\" \/>\n<meta name=\"twitter:card\" content=\"summary_large_image\" \/>\n<meta name=\"twitter:label1\" content=\"Ber\u00e4knad l\u00e4stid\" \/>\n\t<meta name=\"twitter:data1\" content=\"1 minut\" \/>\n<script type=\"application\/ld+json\" class=\"yoast-schema-graph\">{\"@context\":\"https:\\\/\\\/schema.org\",\"@graph\":[{\"@type\":\"WebPage\",\"@id\":\"https:\\\/\\\/leifosterholm.fi\\\/kuvagalleria\\\/\",\"url\":\"https:\\\/\\\/leifosterholm.fi\\\/kuvagalleria\\\/\",\"name\":\"Kuvagalleria - Rakennusliike Leif \u00d6sterholm\",\"isPartOf\":{\"@id\":\"https:\\\/\\\/leifosterholm.fi\\\/#website\"},\"datePublished\":\"2025-11-04T07:08:10+00:00\",\"dateModified\":\"2026-01-23T10:58:02+00:00\",\"breadcrumb\":{\"@id\":\"https:\\\/\\\/leifosterholm.fi\\\/kuvagalleria\\\/#breadcrumb\"},\"inLanguage\":\"sv-SE\",\"potentialAction\":[{\"@type\":\"ReadAction\",\"target\":[\"https:\\\/\\\/leifosterholm.fi\\\/kuvagalleria\\\/\"]}]},{\"@type\":\"BreadcrumbList\",\"@id\":\"https:\\\/\\\/leifosterholm.fi\\\/kuvagalleria\\\/#breadcrumb\",\"itemListElement\":[{\"@type\":\"ListItem\",\"position\":1,\"name\":\"Etusivu\",\"item\":\"https:\\\/\\\/leifosterholm.fi\\\/\"},{\"@type\":\"ListItem\",\"position\":2,\"name\":\"Kuvagalleria\"}]},{\"@type\":\"WebSite\",\"@id\":\"https:\\\/\\\/leifosterholm.fi\\\/#website\",\"url\":\"https:\\\/\\\/leifosterholm.fi\\\/\",\"name\":\"Rakennusliike Leif \u00d6sterholm\",\"description\":\"\",\"potentialAction\":[{\"@type\":\"SearchAction\",\"target\":{\"@type\":\"EntryPoint\",\"urlTemplate\":\"https:\\\/\\\/leifosterholm.fi\\\/?s={search_term_string}\"},\"query-input\":{\"@type\":\"PropertyValueSpecification\",\"valueRequired\":true,\"valueName\":\"search_term_string\"}}],\"inLanguage\":\"sv-SE\"}]}<\/script>\n<!-- \/ Yoast SEO plugin. -->","yoast_head_json":{"title":"Kuvagalleria - Rakennusliike Leif \u00d6sterholm","robots":{"index":"index","follow":"follow","max-snippet":"max-snippet:-1","max-image-preview":"max-image-preview:large","max-video-preview":"max-video-preview:-1"},"canonical":"https:\/\/leifosterholm.fi\/sv\/kuvagalleria\/","og_locale":"sv_SE","og_type":"article","og_title":"Kuvagalleria - Rakennusliike Leif \u00d6sterholm","og_description":"Tutustu Kuvagalleria Rakennamme uutta ja korjaamme vanhaa yli 30 vuoden kokemuksella. Meilt\u00e4 saat laadukasta ja asiakasl\u00e4ht\u00f6ist\u00e4 palvelua, joka tehd\u00e4\u00e4n kaikkien [&hellip;]","og_url":"https:\/\/leifosterholm.fi\/sv\/kuvagalleria\/","og_site_name":"Rakennusliike Leif \u00d6sterholm","article_modified_time":"2026-01-23T10:58:02+00:00","twitter_card":"summary_large_image","twitter_misc":{"Ber\u00e4knad l\u00e4stid":"1 minut"},"schema":{"@context":"https:\/\/schema.org","@graph":[{"@type":"WebPage","@id":"https:\/\/leifosterholm.fi\/kuvagalleria\/","url":"https:\/\/leifosterholm.fi\/kuvagalleria\/","name":"Kuvagalleria - Rakennusliike Leif \u00d6sterholm","isPartOf":{"@id":"https:\/\/leifosterholm.fi\/#website"},"datePublished":"2025-11-04T07:08:10+00:00","dateModified":"2026-01-23T10:58:02+00:00","breadcrumb":{"@id":"https:\/\/leifosterholm.fi\/kuvagalleria\/#breadcrumb"},"inLanguage":"sv-SE","potentialAction":[{"@type":"ReadAction","target":["https:\/\/leifosterholm.fi\/kuvagalleria\/"]}]},{"@type":"BreadcrumbList","@id":"https:\/\/leifosterholm.fi\/kuvagalleria\/#breadcrumb","itemListElement":[{"@type":"ListItem","position":1,"name":"Etusivu","item":"https:\/\/leifosterholm.fi\/"},{"@type":"ListItem","position":2,"name":"Kuvagalleria"}]},{"@type":"WebSite","@id":"https:\/\/leifosterholm.fi\/#website","url":"https:\/\/leifosterholm.fi\/","name":"Byggnads\u00adtj\u00e4nst \u00d6sterholm Leif","description":"","potentialAction":[{"@type":"SearchAction","target":{"@type":"EntryPoint","urlTemplate":"https:\/\/leifosterholm.fi\/?s={search_term_string}"},"query-input":{"@type":"PropertyValueSpecification","valueRequired":true,"valueName":"search_term_string"}}],"inLanguage":"sv-SE"}]}},"_links":{"self":[{"href":"https:\/\/leifosterholm.fi\/sv\/wp-json\/wp\/v2\/pages\/25","targetHints":{"allow":["GET"]}}],"collection":[{"href":"https:\/\/leifosterholm.fi\/sv\/wp-json\/wp\/v2\/pages"}],"about":[{"href":"https:\/\/leifosterholm.fi\/sv\/wp-json\/wp\/v2\/types\/page"}],"author":[{"embeddable":true,"href":"https:\/\/leifosterholm.fi\/sv\/wp-json\/wp\/v2\/users\/1"}],"replies":[{"embeddable":true,"href":"https:\/\/leifosterholm.fi\/sv\/wp-json\/wp\/v2\/comments?post=25"}],"version-history":[{"count":31,"href":"https:\/\/leifosterholm.fi\/sv\/wp-json\/wp\/v2\/pages\/25\/revisions"}],"predecessor-version":[{"id":295,"href":"https:\/\/leifosterholm.fi\/sv\/wp-json\/wp\/v2\/pages\/25\/revisions\/295"}],"wp:attachment":[{"href":"https:\/\/leifosterholm.fi\/sv\/wp-json\/wp\/v2\/media?parent=25"}],"curies":[{"name":"wp","href":"https:\/\/api.w.org\/{rel}","templated":true}]}}